{"id":65,"date":"2023-12-23T18:36:44","date_gmt":"2023-12-23T18:36:44","guid":{"rendered":"https:\/\/themexriver.com\/wp\/choicy\/?page_id=65"},"modified":"2024-09-30T15:50:58","modified_gmt":"2024-09-30T13:50:58","slug":"contact","status":"publish","type":"page","link":"https:\/\/majra-strategies.com\/en\/contact\/","title":{"rendered":"Contact"},"content":{"rendered":"<div data-elementor-type=\"wp-page\" data-elementor-id=\"65\" class=\"elementor elementor-65\">\n\t\t\t\t\t\t<section class=\"elementor-section elementor-top-section elementor-element elementor-element-5f56720 elementor-section-full_width fix elementor-section-height-default elementor-section-height-default\" data-id=\"5f56720\" data-element_type=\"section\" data-e-type=\"section\" data-settings=\"{&quot;background_background&quot;:&quot;classic&quot;}\">\n\t\t\t\t\t\t<div class=\"elementor-container elementor-column-gap-default\">\n\t\t\t\t\t<div class=\"elementor-column elementor-col-100 elementor-top-column elementor-element elementor-element-0d9a75e\" data-id=\"0d9a75e\" data-element_type=\"column\" data-e-type=\"column\">\n\t\t\t<div class=\"elementor-widget-wrap elementor-element-populated\">\n\t\t\t\t\t\t<section class=\"elementor-section elementor-inner-section elementor-element elementor-element-015a2ca elementor-section-boxed elementor-section-height-default elementor-section-height-default\" data-id=\"015a2ca\" data-element_type=\"section\" data-e-type=\"section\">\n\t\t\t\t\t\t<div class=\"elementor-container elementor-column-gap-default\">\n\t\t\t\t\t<div class=\"elementor-column elementor-col-100 elementor-inner-column elementor-element elementor-element-b0ffd77\" data-id=\"b0ffd77\" data-element_type=\"column\" data-e-type=\"column\">\n\t\t\t<div class=\"elementor-widget-wrap elementor-element-populated\">\n\t\t\t\t\t\t<div class=\"elementor-element elementor-element-5e559bd elementor-widget elementor-widget-tx_heading elh-el tx_heading\" data-id=\"5e559bd\" data-element_type=\"widget\" data-e-type=\"widget\" data-settings=\"{&quot;design_style&quot;:&quot;style_4&quot;}\" data-widget_type=\"tx_heading.default\">\n\t\t\t\t<div class=\"elementor-widget-container\">\n\t\t\t\t\t<div class=\"section-title-wrap text-center\">\n\n            <h5 class=\"chy-subtitle-4 tx-subTitle chy-class-add wow fadeInDown isShape\">CONTACT US<\/h5>\n    \n    <h6 class=\"chy-title-4 tx-title chy-split-text chy-split-in-right\">You can call or email us, or fill out the contact form below to contact us. <\/h6>\n    \n<\/div>\t\t\t\t<\/div>\n\t\t\t\t<\/div>\n\t\t\t\t\t<\/div>\n\t\t<\/div>\n\t\t\t\t\t<\/div>\n\t\t<\/section>\n\t\t\t\t<section class=\"elementor-section elementor-inner-section elementor-element elementor-element-371f2a5 elementor-section-boxed elementor-section-height-default elementor-section-height-default\" data-id=\"371f2a5\" data-element_type=\"section\" data-e-type=\"section\" data-settings=\"{&quot;background_background&quot;:&quot;classic&quot;}\">\n\t\t\t\t\t\t<div class=\"elementor-container elementor-column-gap-default\">\n\t\t\t\t\t<div class=\"elementor-column elementor-col-50 elementor-inner-column elementor-element elementor-element-a67cf43\" data-id=\"a67cf43\" data-element_type=\"column\" data-e-type=\"column\">\n\t\t\t<div class=\"elementor-widget-wrap elementor-element-populated\">\n\t\t\t\t\t\t<section class=\"elementor-section elementor-inner-section elementor-element elementor-element-d39a198 elementor-section-boxed elementor-section-height-default elementor-section-height-default\" data-id=\"d39a198\" data-element_type=\"section\" data-e-type=\"section\" data-settings=\"{&quot;background_background&quot;:&quot;classic&quot;}\">\n\t\t\t\t\t\t<div class=\"elementor-container elementor-column-gap-default\">\n\t\t\t\t\t<div class=\"elementor-column elementor-col-100 elementor-inner-column elementor-element elementor-element-888927f\" data-id=\"888927f\" data-element_type=\"column\" data-e-type=\"column\">\n\t\t\t<div class=\"elementor-widget-wrap elementor-element-populated\">\n\t\t\t\t\t\t<div class=\"elementor-element elementor-element-78e0008 elementor-widget elementor-widget-heading\" data-id=\"78e0008\" data-element_type=\"widget\" data-e-type=\"widget\" data-widget_type=\"heading.default\">\n\t\t\t\t<div class=\"elementor-widget-container\">\n\t\t\t\t\t<h2 class=\"elementor-heading-title elementor-size-default\">Contact Us<\/h2>\t\t\t\t<\/div>\n\t\t\t\t<\/div>\n\t\t\t\t<div class=\"elementor-element elementor-element-4ad639e elementor-widget elementor-widget-shortcode\" data-id=\"4ad639e\" data-element_type=\"widget\" data-e-type=\"widget\" data-widget_type=\"shortcode.default\">\n\t\t\t\t<div class=\"elementor-widget-container\">\n\t\t\t\t\t\t\t<div class=\"elementor-shortcode\">\n<div class=\"wpcf7 no-js\" id=\"wpcf7-f1149-o1\" lang=\"en-US\" dir=\"ltr\" data-wpcf7-id=\"1149\">\n<div class=\"screen-reader-response\"><p role=\"status\" aria-live=\"polite\" aria-atomic=\"true\"><\/p> <ul><\/ul><\/div>\n<form action=\"\/en\/wp-json\/wp\/v2\/pages\/65#wpcf7-f1149-o1\" method=\"post\" class=\"wpcf7-form init\" aria-label=\"Contact form\" novalidate=\"novalidate\" data-status=\"init\" data-trp-original-action=\"\/en\/wp-json\/wp\/v2\/pages\/65#wpcf7-f1149-o1\">\n<fieldset class=\"hidden-fields-container\"><input type=\"hidden\" name=\"_wpcf7\" value=\"1149\" \/><input type=\"hidden\" name=\"_wpcf7_version\" value=\"6.1.5\" \/><input type=\"hidden\" name=\"_wpcf7_locale\" value=\"en_US\" \/><input type=\"hidden\" name=\"_wpcf7_unit_tag\" value=\"wpcf7-f1149-o1\" \/><input type=\"hidden\" name=\"_wpcf7_container_post\" value=\"0\" \/><input type=\"hidden\" name=\"_wpcf7_posted_data_hash\" value=\"\" \/>\n<\/fieldset>\n<div class=\"contact-form-2\">\n    <div class=\"item 1\">\n        <label for=\"name\">Name<span>*<\/span><\/label>\n        <span class=\"wpcf7-form-control-wrap\" data-name=\"text-505\"><input size=\"40\" maxlength=\"400\" class=\"wpcf7-form-control wpcf7-text wpcf7-validates-as-required\" aria-required=\"true\" aria-invalid=\"false\" placeholder=\"Name\" value=\"\" type=\"text\" name=\"text-505\" \/><\/span>\n    <\/div>\n\n    <div class=\"item2\">\n        <label for=\"name\">Phone number<span>*<\/span><\/label>\n        <span class=\"wpcf7-form-control-wrap\" data-name=\"tel-560\"><input size=\"40\" maxlength=\"400\" class=\"wpcf7-form-control wpcf7-tel wpcf7-validates-as-required wpcf7-text wpcf7-validates-as-tel\" aria-required=\"true\" aria-invalid=\"false\" placeholder=\"Phone number\" value=\"\" type=\"tel\" name=\"tel-560\" \/><\/span>\n    <\/div>\n\n    <div class=\"item3\">\n        <label for=\"name\">E-mail address<span>*<\/span><\/label>\n        <span class=\"wpcf7-form-control-wrap\" data-name=\"email-789\"><input size=\"40\" maxlength=\"400\" class=\"wpcf7-form-control wpcf7-email wpcf7-validates-as-required wpcf7-text wpcf7-validates-as-email\" aria-required=\"true\" aria-invalid=\"false\" placeholder=\"E-mail address\" value=\"\" type=\"email\" name=\"email-789\" \/><\/span>\n    <\/div>\n\n    <div class=\"item4\">\n        <label for=\"name\">Select the type of service<span>*<\/span><\/label>\n        <span class=\"wpcf7-form-control-wrap\" data-name=\"position-501\"><select class=\"wpcf7-form-control wpcf7-select wpcf7-validates-as-required\" aria-required=\"true\" aria-invalid=\"false\" name=\"position-501\"><option value=\"Campagnes Int\u00e9gr\u00e9es\">Integrated Campaigns<\/option><option value=\"Relations Publiques\">Public relations<\/option><option value=\"Marketing Num\u00e9rique\">Digital Marketing<\/option><option value=\"Design Graphique\">Graphic design<\/option><\/select><\/span>\n    <\/div>\n\n    <div class=\"item5\">\n        <label for=\"name\">Message<span>*<\/span><\/label>\n        <span class=\"wpcf7-form-control-wrap\" data-name=\"textarea-986\"><textarea cols=\"40\" rows=\"10\" maxlength=\"2000\" class=\"wpcf7-form-control wpcf7-textarea wpcf7-validates-as-required\" aria-required=\"true\" aria-invalid=\"false\" placeholder=\"Enter your message\" name=\"textarea-986\"><\/textarea><\/span>\n    <\/div>\n\n    <div class=\"btn-wrap item6\">\n        <button type=\"button\" aria-label=\"contact form\" class=\"chy-pr-btn-1\">\n            <span class=\"text\">\n                Send the message\n            <\/span>\n            <span class=\"icon\">\n                <i class=\"fa-solid fa-right-long\"><\/i>\n            <\/span>\n        <\/button>\n    <\/div>\n<\/div><p style=\"display: none !important;\" class=\"akismet-fields-container\" data-prefix=\"_wpcf7_ak_\"><label>&#916;<textarea name=\"_wpcf7_ak_hp_textarea\" cols=\"45\" rows=\"8\" maxlength=\"100\"><\/textarea><\/label><input type=\"hidden\" id=\"ak_js_1\" name=\"_wpcf7_ak_js\" value=\"132\"\/><script>document.getElementById( \"ak_js_1\" ).setAttribute( \"value\", ( new Date() ).getTime() );<\/script><\/p><div class=\"wpcf7-response-output\" aria-hidden=\"true\"><\/div>\n<input type=\"hidden\" name=\"trp-form-language\" value=\"en\"\/><\/form>\n<\/div>\n<\/div>\n\t\t\t\t\t\t<\/div>\n\t\t\t\t<\/div>\n\t\t\t\t\t<\/div>\n\t\t<\/div>\n\t\t\t\t\t<\/div>\n\t\t<\/section>\n\t\t\t\t\t<\/div>\n\t\t<\/div>\n\t\t\t\t<div class=\"elementor-column elementor-col-50 elementor-inner-column elementor-element elementor-element-77faff8\" data-id=\"77faff8\" data-element_type=\"column\" data-e-type=\"column\">\n\t\t\t<div class=\"elementor-widget-wrap elementor-element-populated\">\n\t\t\t\t\t\t<section class=\"elementor-section elementor-inner-section elementor-element elementor-element-cb553a5 elementor-section-boxed elementor-section-height-default elementor-section-height-default\" data-id=\"cb553a5\" data-element_type=\"section\" data-e-type=\"section\">\n\t\t\t\t\t\t<div class=\"elementor-container elementor-column-gap-default\">\n\t\t\t\t\t<div class=\"elementor-column elementor-col-100 elementor-inner-column elementor-element elementor-element-d99c162\" data-id=\"d99c162\" data-element_type=\"column\" data-e-type=\"column\">\n\t\t\t<div class=\"elementor-widget-wrap\">\n\t\t\t\t\t\t\t<\/div>\n\t\t<\/div>\n\t\t\t\t\t<\/div>\n\t\t<\/section>\n\t\t\t\t<div class=\"elementor-element elementor-element-6004203 elementor-widget elementor-widget-google_maps\" data-id=\"6004203\" data-element_type=\"widget\" data-e-type=\"widget\" data-widget_type=\"google_maps.default\">\n\t\t\t\t<div class=\"elementor-widget-container\">\n\t\t\t\t\t\t\t<div class=\"elementor-custom-embed\">\n\t\t\t<iframe loading=\"lazy\"\n\t\t\t\t\tsrc=\"https:\/\/maps.google.com\/maps?q=54%2C%20Rue%20Tensift%20Appt%201%20Agdal%20Rabat&#038;t=m&#038;z=10&#038;output=embed&#038;iwloc=near\"\n\t\t\t\t\ttitle=\"54, Rue Tensift Appt 1 Agdal Rabat\"\n\t\t\t\t\taria-label=\"54, Rue Tensift Appt 1 Agdal Rabat\"\n\t\t\t><\/iframe>\n\t\t<\/div>\n\t\t\t\t\t\t<\/div>\n\t\t\t\t<\/div>\n\t\t\t\t<section class=\"elementor-section elementor-inner-section elementor-element elementor-element-2c2ab74 elementor-section-boxed elementor-section-height-default elementor-section-height-default\" data-id=\"2c2ab74\" data-element_type=\"section\" data-e-type=\"section\">\n\t\t\t\t\t\t<div class=\"elementor-container elementor-column-gap-default\">\n\t\t\t\t\t<div class=\"elementor-column elementor-col-100 elementor-inner-column elementor-element elementor-element-42c1fa1\" data-id=\"42c1fa1\" data-element_type=\"column\" data-e-type=\"column\">\n\t\t\t<div class=\"elementor-widget-wrap elementor-element-populated\">\n\t\t\t\t\t\t<div class=\"elementor-element elementor-element-f15a8d3 elementor-widget elementor-widget-tx_contact_info elh-el tx_contact_info\" data-id=\"f15a8d3\" data-element_type=\"widget\" data-e-type=\"widget\" data-settings=\"{&quot;design_style&quot;:&quot;style_1&quot;}\" data-widget_type=\"tx_contact_info.default\">\n\t\t\t\t<div class=\"elementor-widget-container\">\n\t\t\t\t\t<div class=\"border-left\">\r\n    <div class=\"contact-page-contact-list mb-50\">\r\n                <div class=\"item\">\r\n                        <div class=\"icon\">\r\n                <i aria-hidden=\"true\" class=\"fas fa-map-marker-alt\"><\/i>            <\/div>\r\n                        <div class=\"content-wrap\">\r\n                                <h4 class=\"chy-heading-1 title\">Address<\/h4>\r\n                \r\n                <p>54, Rue Tensift Appt 1 Agdal Rabat<\/p>            <\/div>\r\n        <\/div>\r\n                <div class=\"item\">\r\n                        <div class=\"icon\">\r\n                <i aria-hidden=\"true\" class=\"fal fa-phone\"><\/i>            <\/div>\r\n                        <div class=\"content-wrap\">\r\n                                <h4 class=\"chy-heading-1 title\">Phone number<\/h4>\r\n                \r\n                <p><a href=\"tel:+212 716 07 5683\">+212 716 07<\/a> <a href=\"tel:(239) 555-0108\">5683<\/a><\/p>            <\/div>\r\n        <\/div>\r\n                <div class=\"item\">\r\n                        <div class=\"icon\">\r\n                <i aria-hidden=\"true\" class=\"fas fa-envelope\"><\/i>            <\/div>\r\n                        <div class=\"content-wrap\">\r\n                                <h4 class=\"chy-heading-1 title\">E-mail address<\/h4>\r\n                \r\n                <p><a href=\"mailto:contact@majra-strategies.com\">contact@majra-strategies.com<\/a><\/p><div id=\"4C3C0022_770B_B210_481C_E6496FBD4D21\">\u00a0<\/div>            <\/div>\r\n        <\/div>\r\n            <\/div>\r\n    <ul class=\"contact-page-social-link list-unstyled\">\r\n                <li>\r\n            <a href=\"https:\/\/www.facebook.com\/\">\r\n                                <span class=\"icon\">\r\n                                            <i aria-hidden=\"true\" class=\"fab fa-facebook-f\"><\/i>                                    <\/span>\r\n                            <\/a>\r\n        <\/li>\r\n                <li>\r\n            <a href=\"https:\/\/www.facebook.com\/\">\r\n                                <span class=\"icon\">\r\n                                            <i aria-hidden=\"true\" class=\"flaticon-twitter\"><\/i>                                    <\/span>\r\n                            <\/a>\r\n        <\/li>\r\n                <li>\r\n            <a href=\"https:\/\/www.facebook.com\/\">\r\n                                <span class=\"icon\">\r\n                                            <i aria-hidden=\"true\" class=\"fab fa-dribbble\"><\/i>                                    <\/span>\r\n                            <\/a>\r\n        <\/li>\r\n                <li>\r\n            <a href=\"https:\/\/www.facebook.com\/\">\r\n                                <span class=\"icon\">\r\n                                            <i aria-hidden=\"true\" class=\"fab fa-behance\"><\/i>                                    <\/span>\r\n                            <\/a>\r\n        <\/li>\r\n            <\/ul>\r\n<\/div>\t\t\t\t<\/div>\n\t\t\t\t<\/div>\n\t\t\t\t\t<\/div>\n\t\t<\/div>\n\t\t\t\t\t<\/div>\n\t\t<\/section>\n\t\t\t\t\t<\/div>\n\t\t<\/div>\n\t\t\t\t\t<\/div>\n\t\t<\/section>\n\t\t\t\t\t<\/div>\n\t\t<\/div>\n\t\t\t\t\t<\/div>\n\t\t<\/section>\n\t\t\t\t<\/div>","protected":false},"excerpt":{"rendered":"<p>CONTACTEZ-NOUS Vous pouvez nous appeler ou nous envoyer un email, ou bien remplir le formulaire de contact ci-dessous pour nous contacter. Contactez-Nous Addresse 54, Rue Tensift Appt 1 Agdal Rabat Num\u00e9ro de t\u00e9l\u00e9phone +212 716 07 5683 Adresse e-mail contact@majra-strategies.com \u00a0<\/p>","protected":false},"author":1,"featured_media":0,"parent":0,"menu_order":0,"comment_status":"closed","ping_status":"closed","template":"elementor_header_footer","meta":{"inline_featured_image":false,"footnotes":""},"class_list":["post-65","page","type-page","status-publish","hentry"],"_hostinger_reach_plugin_has_subscription_block":false,"_hostinger_reach_plugin_is_elementor":false,"_links":{"self":[{"href":"https:\/\/majra-strategies.com\/en\/wp-json\/wp\/v2\/pages\/65","targetHints":{"allow":["GET"]}}],"collection":[{"href":"https:\/\/majra-strategies.com\/en\/wp-json\/wp\/v2\/pages"}],"about":[{"href":"https:\/\/majra-strategies.com\/en\/wp-json\/wp\/v2\/types\/page"}],"author":[{"embeddable":true,"href":"https:\/\/majra-strategies.com\/en\/wp-json\/wp\/v2\/users\/1"}],"replies":[{"embeddable":true,"href":"https:\/\/majra-strategies.com\/en\/wp-json\/wp\/v2\/comments?post=65"}],"version-history":[{"count":31,"href":"https:\/\/majra-strategies.com\/en\/wp-json\/wp\/v2\/pages\/65\/revisions"}],"predecessor-version":[{"id":3298,"href":"https:\/\/majra-strategies.com\/en\/wp-json\/wp\/v2\/pages\/65\/revisions\/3298"}],"wp:attachment":[{"href":"https:\/\/majra-strategies.com\/en\/wp-json\/wp\/v2\/media?parent=65"}],"curies":[{"name":"wp","href":"https:\/\/api.w.org\/{rel}","templated":true}]}}